{"id":7,"date":"2018-01-06T11:01:40","date_gmt":"2018-01-06T10:01:40","guid":{"rendered":"http:\/\/sgdf-rangueil.fr\/?page_id=7"},"modified":"2023-08-27T18:01:40","modified_gmt":"2023-08-27T16:01:40","slug":"accueil","status":"publish","type":"page","link":"https:\/\/sgdf-rangueil.fr\/","title":{"rendered":"Accueil"},"content":{"rendered":"<div id=\"pl-7\"  class=\"panel-layout\" ><div id=\"pg-7-0\"  class=\"panel-grid panel-no-style\" ><div id=\"pgc-7-0-0\"  class=\"panel-grid-cell\" ><div id=\"panel-7-0-0-0\" class=\"so-panel widget widget_text panel-first-child panel-last-child\" data-index=\"0\" >\t\t\t<div class=\"textwidget\"><p><img loading=\"lazy\" class=\"wp-image-2924 size-medium alignleft\" src=\"https:\/\/sgdf-rangueil.fr\/wp-content\/uploads\/2019\/09\/IMG-20190806-WA0000-300x200.jpg\" alt=\"\" width=\"300\" height=\"200\" srcset=\"https:\/\/sgdf-rangueil.fr\/wp-content\/uploads\/2019\/09\/IMG-20190806-WA0000-300x200.jpg 300w, https:\/\/sgdf-rangueil.fr\/wp-content\/uploads\/2019\/09\/IMG-20190806-WA0000-768x512.jpg 768w, https:\/\/sgdf-rangueil.fr\/wp-content\/uploads\/2019\/09\/IMG-20190806-WA0000-1024x683.jpg 1024w, https:\/\/sgdf-rangueil.fr\/wp-content\/uploads\/2019\/09\/IMG-20190806-WA0000.jpg 1368w\" sizes=\"(max-width: 300px) 100vw, 300px\" \/>Pour s&rsquo;inscrire, retrouvez toutes les informations <a href=\"https:\/\/sgdf-rangueil.fr\/?p=2982#\">ici<\/a>.<\/p>\n<\/div>\n\t\t<\/div><\/div><div id=\"pgc-7-0-1\"  class=\"panel-grid-cell\" ><div id=\"panel-7-0-1-0\" class=\"so-panel widget widget_text panel-first-child panel-last-child\" data-index=\"1\" ><div class=\"panel-widget-style panel-widget-style-for-7-0-1-0\" >\t\t\t<div class=\"textwidget\"><p>Compte\/Mot de passe oubli\u00e9 c&rsquo;est par <a href=\"http:\/\/sgdf-rangueil.fr\/?p=1997\">Ici<\/a>.<\/p>\n<p>Les articles avec [L] n\u00e9cessitent d&rsquo;\u00eatre connect\u00e9. La section petites annonces qui arrive aussi&#8230;<\/p>\n<\/div>\n\t\t<\/div><\/div><\/div><\/div><div id=\"pg-7-1\"  class=\"panel-grid panel-no-style\" ><div id=\"pgc-7-1-0\"  class=\"panel-grid-cell\" ><div id=\"panel-7-1-0-0\" class=\"so-panel widget widget_siteorigin-panels-builder panel-first-child panel-last-child\" data-index=\"2\" ><div id=\"pl-w5b901139a1874\"  class=\"panel-layout\" ><div id=\"pg-w5b901139a1874-0\"  class=\"panel-grid panel-no-style\" ><div id=\"pgc-w5b901139a1874-0-0\"  class=\"panel-grid-cell\" ><div id=\"panel-w5b901139a1874-0-0-0\" class=\"so-panel widget widget_siteorigin-panels-postloop panel-first-child panel-last-child\" data-index=\"0\" >\r\n<article id=\"post-3138\" class=\"post-3138 post type-post status-publish format-standard sticky hentry category-non-classe post-style-classic\">\r\n\r\n\t\r\n\t<header class=\"entry-header\">\r\n\t\t\r\n\r\n<h2 class=\"entry-title\"><a href=\"https:\/\/sgdf-rangueil.fr\/?p=3138\" rel=\"bookmark\">Inscriptions 2025-2026 et premi\u00e8re date de rencontre<\/a><\/h2>\t\t\t<div class=\"entry-meta\">\r\n\t\t\t\t<span class=\"posted-on\">Publi\u00e9 le <a href=\"https:\/\/sgdf-rangueil.fr\/?p=3138\" rel=\"bookmark\"><time class=\"entry-date published\" datetime=\"2025-09-07T11:36:34+02:00\">7 septembre 2025<\/time><time class=\"updated\" datetime=\"2025-09-07T11:39:44+02:00\">7 septembre 2025<\/time><\/a><\/span><span class=\"byline\"> par <span class=\"author vcard\"><a class=\"url fn n\" href=\"https:\/\/sgdf-rangueil.fr\/?author=394\">C\u00e9line Billon<\/a><\/span><\/span><span class=\"comments-link\"><a href=\"https:\/\/sgdf-rangueil.fr\/?p=3138#respond\">Laisser un commentaire<span class=\"screen-reader-text\"> sur Inscriptions 2025-2026 et premi\u00e8re date de rencontre<\/span><\/a><\/span>\t\t\t<\/div><!-- .entry-meta -->\r\n\t\t\r\n\t<\/header><!-- .entry-header -->\r\n\r\n\t<div class=\"entry-content\">\r\n\t\t<p><strong><em>Envie de d\u00e9marrer dans le groupe de Rangueil ?<\/em><\/strong><\/p>\n<p>N&rsquo;h\u00e9sitez pas \u00e0 venir nous rencontrer et faire l&rsquo;inscription<b> le samedi 13 septembre 2025 de 15h \u00e0 17h.<\/b><\/p>\n<p>Le groupe accueillera avec plaisir de nouveaux enfants cette ann\u00e9e. En fonction du nombres d&rsquo;inscrits sur chaque unit\u00e9, il pourra cependant y avoir des listes d&rsquo;attente.<\/p>\n<p>\u00a0<\/p>\n<p><strong><em>Pr\u00eats \u00e0 continuer dans le groupe de Rangueil ?<\/em><\/strong><\/p>\n<p class=\"yiv0028274868MsoNormal\">Les r\u00e9inscriptions ont commenc\u00e9. Chaque famille a re\u00e7u par mail un lien pour les r\u00e9inscriptions.<\/p>\n<p class=\"yiv0028274868MsoNormal\">Nous tiendrons aussi une permanence aux locaux du couvent des Dominicains<b> le samedi 13 septembre 2025 de 15h \u00e0 17h.<\/b><\/p>\n<p>\u00a0<\/p>\n<p><em><strong>A noter :<\/strong><\/em><\/p>\n<p>Notre premier temps fort de l&rsquo;ann\u00e9e<strong> \u00ab\u00a0Les mont\u00e9es\u00a0\u00bb<\/strong>\u00a0auront lieu le <b>dimanche 21 septembre 2025<\/b>\u00a0toute la journ\u00e9e. Toutes les pr\u00e9cisions utiles \u00e0 cet \u00e9v\u00e9nement vous seront communiqu\u00e9es prochainement.<b><br \/><\/b><\/p>\n<p class=\"yiv0028274868MsoNormal\">\u00a0<\/p>\n<div class=\"yiv0028274868moz-text-html\" lang=\"x-unicode\">\n<div class=\"yiv0028274868moz-forward-container\">\n<div class=\"yiv0028274868moz-forward-container\">\n<p class=\"yiv0028274868MsoNormal\">A tr\u00e8s vite pour de nouvelles aventures scoutes\u00a0!<\/p>\n<p class=\"yiv0028274868MsoNormal\"><em>L\u2019\u00e9quipe des chemises Violettes : Marine, Julie, Christophe, Olivier, Jean, H\u00e9ritier, Gilles, Marion, C\u00e9line, C\u00e9cile, Quitterie.<\/em><\/p>\n<\/div>\n<\/div>\n<\/div>\n\n\n<p><\/p>\n\t<\/div><!-- .entry-content -->\r\n\r\n\t<footer class=\"entry-footer\">\r\n\t\t<span class=\"cat-links\">Publi\u00e9 dans\u00a0: <a href=\"https:\/\/sgdf-rangueil.fr\/?cat=1\" rel=\"category\">Non class\u00e9<\/a><\/span>\t<\/footer><!-- .entry-footer -->\r\n\r\n\t\r\n<\/article><!-- #post-## -->\r\n<\/div><\/div><\/div><\/div><\/div><\/div><div id=\"pgc-7-1-1\"  class=\"panel-grid-cell\" ><div id=\"panel-7-1-1-0\" class=\"so-panel widget widget_text panel-first-child panel-last-child\" data-index=\"3\" >\t\t\t<div class=\"textwidget\"><div class=\"simcal-calendar simcal-default-calendar simcal-default-calendar-grid simcal-default-calendar-light\" data-calendar-id=\"867\" data-timezone=\"Europe\/Paris\" data-offset=\"7200\" data-week-start=\"1\" data-calendar-start=\"1777811717\" data-calendar-end=\"1777811717\" data-events-first=\"0\" data-events-last=\"0\">\r\n\t\t\t\r\n            <table class=\"simcal-calendar-grid\"\r\n                   data-event-bubble-trigger=\"hover\">\r\n                <thead class=\"simcal-calendar-head\">\r\n                <tr>\r\n\t\t\t\t\t                        <th class=\"simcal-nav simcal-prev-wrapper\" colspan=\"1\">\r\n                            <button class=\"simcal-nav-button simcal-month-nav simcal-prev\" title=\"Mois pr\u00e9cc\u00e9dent\"><i class=\"simcal-icon-left\"><\/i><\/button>\r\n                        <\/th>\r\n\t\t\t\t\t                    <th colspan=\"5\"\r\n                        class=\"simcal-nav simcal-current\"\r\n                        data-calendar-current=\"1777811717\">\r\n\t\t\t\t\t\t<h3> <span class=\"simcal-current-month\">mai<\/span>  <span class=\"simcal-current-year\">2026<\/span> <\/h3>                    <\/th>\r\n\t\t\t\t\t                        <th class=\"simcal-nav simcal-next-wrapper\" colspan=\"1\">\r\n                            <button class=\"simcal-nav-button simcal-month-nav simcal-next\" title=\"Mois suivant\"><i class=\"simcal-icon-right\"><\/i><\/button>\r\n                        <\/th>\r\n\t\t\t\t\t                <\/tr>\r\n                <tr>\r\n\t\t\t\t\t                        <th class=\"simcal-week-day simcal-week-day-1\"\r\n                            data-screen-small=\"l\"\r\n                            data-screen-medium=\"lun\"\r\n                            data-screen-large=\"lundi\">lun<\/th>\r\n\t\t\t\t\t\t                        <th class=\"simcal-week-day simcal-week-day-2\"\r\n                            data-screen-small=\"m\"\r\n                            data-screen-medium=\"mar\"\r\n                            data-screen-large=\"mardi\">mar<\/th>\r\n\t\t\t\t\t\t                        <th class=\"simcal-week-day simcal-week-day-3\"\r\n                            data-screen-small=\"m\"\r\n                            data-screen-medium=\"mer\"\r\n                            data-screen-large=\"mercredi\">mer<\/th>\r\n\t\t\t\t\t\t                        <th class=\"simcal-week-day simcal-week-day-4\"\r\n                            data-screen-small=\"j\"\r\n                            data-screen-medium=\"jeu\"\r\n                            data-screen-large=\"jeudi\">jeu<\/th>\r\n\t\t\t\t\t\t                        <th class=\"simcal-week-day simcal-week-day-5\"\r\n                            data-screen-small=\"v\"\r\n                            data-screen-medium=\"ven\"\r\n                            data-screen-large=\"vendredi\">ven<\/th>\r\n\t\t\t\t\t\t                        <th class=\"simcal-week-day simcal-week-day-6\"\r\n                            data-screen-small=\"s\"\r\n                            data-screen-medium=\"sam\"\r\n                            data-screen-large=\"samedi\">sam<\/th>\r\n\t\t\t\t\t\t                            <th class=\"simcal-week-day simcal-week-day-0\"\r\n                                data-screen-small=\"d\"\r\n                                data-screen-medium=\"dim\"\r\n                                data-screen-large=\"dimanche\">dim<\/th>\r\n\t\t\t\t\t\t\t                <\/tr>\r\n                <\/thead>\r\n\r\n\t\t\t\t<tbody class=\"simcal-month simcal-month-5\">\n\t<tr class=\"simcal-week simcal-week-18\"><td class=\"simcal-day simcal-day-void \"><\/td>\n<td class=\"simcal-day simcal-day-void \"><\/td>\n<td class=\"simcal-day simcal-day-void \"><\/td>\n<td class=\"simcal-day simcal-day-void simcal-day-void-last\"><\/td>\n<td class=\"simcal-day-1 simcal-weekday-5 simcal-past simcal-day\" data-events-count=\"0\">\n\t<div>\n\t\t<span class=\"simcal-day-label simcal-day-number\">1<\/span>\n\t\t<span class=\"simcal-no-events\"><\/span>\n\t\t<span class=\"simcal-events-dots\" style=\"display: none;\"><\/span>\n\t<\/div>\n<\/td>\n<td class=\"simcal-day-2 simcal-weekday-6 simcal-past simcal-day\" data-events-count=\"0\">\n\t<div>\n\t\t<span class=\"simcal-day-label simcal-day-number\">2<\/span>\n\t\t<span class=\"simcal-no-events\"><\/span>\n\t\t<span class=\"simcal-events-dots\" style=\"display: none;\"><\/span>\n\t<\/div>\n<\/td>\n<td class=\"simcal-day-3 simcal-weekday-0 simcal-today simcal-present simcal-day\" data-events-count=\"0\">\n\t<div style=\"border: 1px solid #1e73be;\">\n\t\t<span class=\"simcal-day-label simcal-day-number\" style=\"background-color: #1e73be; color: #ffffff\">3<\/span>\n\t\t<span class=\"simcal-no-events\"><\/span>\n\t\t<span class=\"simcal-events-dots\" style=\"display: none;\"><\/span>\n\t<\/div>\n<\/td>\n<\/tr><tr class=\"simcal-week simcal-week-18\">\n<td class=\"simcal-day-4 simcal-weekday-1 simcal-future simcal-day\" data-events-count=\"0\">\n\t<div>\n\t\t<span class=\"simcal-day-label simcal-day-number\">4<\/span>\n\t\t<span class=\"simcal-no-events\"><\/span>\n\t\t<span class=\"simcal-events-dots\" style=\"display: none;\"><\/span>\n\t<\/div>\n<\/td>\n<td class=\"simcal-day-5 simcal-weekday-2 simcal-future simcal-day\" data-events-count=\"0\">\n\t<div>\n\t\t<span class=\"simcal-day-label simcal-day-number\">5<\/span>\n\t\t<span class=\"simcal-no-events\"><\/span>\n\t\t<span class=\"simcal-events-dots\" style=\"display: none;\"><\/span>\n\t<\/div>\n<\/td>\n<td class=\"simcal-day-6 simcal-weekday-3 simcal-future simcal-day\" data-events-count=\"0\">\n\t<div>\n\t\t<span class=\"simcal-day-label simcal-day-number\">6<\/span>\n\t\t<span class=\"simcal-no-events\"><\/span>\n\t\t<span class=\"simcal-events-dots\" style=\"display: none;\"><\/span>\n\t<\/div>\n<\/td>\n<td class=\"simcal-day-7 simcal-weekday-4 simcal-future simcal-day\" data-events-count=\"0\">\n\t<div>\n\t\t<span class=\"simcal-day-label simcal-day-number\">7<\/span>\n\t\t<span class=\"simcal-no-events\"><\/span>\n\t\t<span class=\"simcal-events-dots\" style=\"display: none;\"><\/span>\n\t<\/div>\n<\/td>\n<td class=\"simcal-day-8 simcal-weekday-5 simcal-future simcal-day\" data-events-count=\"0\">\n\t<div>\n\t\t<span class=\"simcal-day-label simcal-day-number\">8<\/span>\n\t\t<span class=\"simcal-no-events\"><\/span>\n\t\t<span class=\"simcal-events-dots\" style=\"display: none;\"><\/span>\n\t<\/div>\n<\/td>\n<td class=\"simcal-day-9 simcal-weekday-6 simcal-future simcal-day\" data-events-count=\"0\">\n\t<div>\n\t\t<span class=\"simcal-day-label simcal-day-number\">9<\/span>\n\t\t<span class=\"simcal-no-events\"><\/span>\n\t\t<span class=\"simcal-events-dots\" style=\"display: none;\"><\/span>\n\t<\/div>\n<\/td>\n<td class=\"simcal-day-10 simcal-weekday-0 simcal-future simcal-day\" data-events-count=\"0\">\n\t<div>\n\t\t<span class=\"simcal-day-label simcal-day-number\">10<\/span>\n\t\t<span class=\"simcal-no-events\"><\/span>\n\t\t<span class=\"simcal-events-dots\" style=\"display: none;\"><\/span>\n\t<\/div>\n<\/td>\n<\/tr><tr class=\"simcal-week simcal-week-19\">\n<td class=\"simcal-day-11 simcal-weekday-1 simcal-future simcal-day\" data-events-count=\"0\">\n\t<div>\n\t\t<span class=\"simcal-day-label simcal-day-number\">11<\/span>\n\t\t<span class=\"simcal-no-events\"><\/span>\n\t\t<span class=\"simcal-events-dots\" style=\"display: none;\"><\/span>\n\t<\/div>\n<\/td>\n<td class=\"simcal-day-12 simcal-weekday-2 simcal-future simcal-day\" data-events-count=\"0\">\n\t<div>\n\t\t<span class=\"simcal-day-label simcal-day-number\">12<\/span>\n\t\t<span class=\"simcal-no-events\"><\/span>\n\t\t<span class=\"simcal-events-dots\" style=\"display: none;\"><\/span>\n\t<\/div>\n<\/td>\n<td class=\"simcal-day-13 simcal-weekday-3 simcal-future simcal-day\" data-events-count=\"0\">\n\t<div>\n\t\t<span class=\"simcal-day-label simcal-day-number\">13<\/span>\n\t\t<span class=\"simcal-no-events\"><\/span>\n\t\t<span class=\"simcal-events-dots\" style=\"display: none;\"><\/span>\n\t<\/div>\n<\/td>\n<td class=\"simcal-day-14 simcal-weekday-4 simcal-future simcal-day\" data-events-count=\"0\">\n\t<div>\n\t\t<span class=\"simcal-day-label simcal-day-number\">14<\/span>\n\t\t<span class=\"simcal-no-events\"><\/span>\n\t\t<span class=\"simcal-events-dots\" style=\"display: none;\"><\/span>\n\t<\/div>\n<\/td>\n<td class=\"simcal-day-15 simcal-weekday-5 simcal-future simcal-day\" data-events-count=\"0\">\n\t<div>\n\t\t<span class=\"simcal-day-label simcal-day-number\">15<\/span>\n\t\t<span class=\"simcal-no-events\"><\/span>\n\t\t<span class=\"simcal-events-dots\" style=\"display: none;\"><\/span>\n\t<\/div>\n<\/td>\n<td class=\"simcal-day-16 simcal-weekday-6 simcal-future simcal-day\" data-events-count=\"0\">\n\t<div>\n\t\t<span class=\"simcal-day-label simcal-day-number\">16<\/span>\n\t\t<span class=\"simcal-no-events\"><\/span>\n\t\t<span class=\"simcal-events-dots\" style=\"display: none;\"><\/span>\n\t<\/div>\n<\/td>\n<td class=\"simcal-day-17 simcal-weekday-0 simcal-future simcal-day\" data-events-count=\"0\">\n\t<div>\n\t\t<span class=\"simcal-day-label simcal-day-number\">17<\/span>\n\t\t<span class=\"simcal-no-events\"><\/span>\n\t\t<span class=\"simcal-events-dots\" style=\"display: none;\"><\/span>\n\t<\/div>\n<\/td>\n<\/tr><tr class=\"simcal-week simcal-week-20\">\n<td class=\"simcal-day-18 simcal-weekday-1 simcal-future simcal-day\" data-events-count=\"0\">\n\t<div>\n\t\t<span class=\"simcal-day-label simcal-day-number\">18<\/span>\n\t\t<span class=\"simcal-no-events\"><\/span>\n\t\t<span class=\"simcal-events-dots\" style=\"display: none;\"><\/span>\n\t<\/div>\n<\/td>\n<td class=\"simcal-day-19 simcal-weekday-2 simcal-future simcal-day\" data-events-count=\"0\">\n\t<div>\n\t\t<span class=\"simcal-day-label simcal-day-number\">19<\/span>\n\t\t<span class=\"simcal-no-events\"><\/span>\n\t\t<span class=\"simcal-events-dots\" style=\"display: none;\"><\/span>\n\t<\/div>\n<\/td>\n<td class=\"simcal-day-20 simcal-weekday-3 simcal-future simcal-day\" data-events-count=\"0\">\n\t<div>\n\t\t<span class=\"simcal-day-label simcal-day-number\">20<\/span>\n\t\t<span class=\"simcal-no-events\"><\/span>\n\t\t<span class=\"simcal-events-dots\" style=\"display: none;\"><\/span>\n\t<\/div>\n<\/td>\n<td class=\"simcal-day-21 simcal-weekday-4 simcal-future simcal-day\" data-events-count=\"0\">\n\t<div>\n\t\t<span class=\"simcal-day-label simcal-day-number\">21<\/span>\n\t\t<span class=\"simcal-no-events\"><\/span>\n\t\t<span class=\"simcal-events-dots\" style=\"display: none;\"><\/span>\n\t<\/div>\n<\/td>\n<td class=\"simcal-day-22 simcal-weekday-5 simcal-future simcal-day\" data-events-count=\"0\">\n\t<div>\n\t\t<span class=\"simcal-day-label simcal-day-number\">22<\/span>\n\t\t<span class=\"simcal-no-events\"><\/span>\n\t\t<span class=\"simcal-events-dots\" style=\"display: none;\"><\/span>\n\t<\/div>\n<\/td>\n<td class=\"simcal-day-23 simcal-weekday-6 simcal-future simcal-day\" data-events-count=\"0\">\n\t<div>\n\t\t<span class=\"simcal-day-label simcal-day-number\">23<\/span>\n\t\t<span class=\"simcal-no-events\"><\/span>\n\t\t<span class=\"simcal-events-dots\" style=\"display: none;\"><\/span>\n\t<\/div>\n<\/td>\n<td class=\"simcal-day-24 simcal-weekday-0 simcal-future simcal-day\" data-events-count=\"0\">\n\t<div>\n\t\t<span class=\"simcal-day-label simcal-day-number\">24<\/span>\n\t\t<span class=\"simcal-no-events\"><\/span>\n\t\t<span class=\"simcal-events-dots\" style=\"display: none;\"><\/span>\n\t<\/div>\n<\/td>\n<\/tr><tr class=\"simcal-week simcal-week-21\">\n<td class=\"simcal-day-25 simcal-weekday-1 simcal-future simcal-day\" data-events-count=\"0\">\n\t<div>\n\t\t<span class=\"simcal-day-label simcal-day-number\">25<\/span>\n\t\t<span class=\"simcal-no-events\"><\/span>\n\t\t<span class=\"simcal-events-dots\" style=\"display: none;\"><\/span>\n\t<\/div>\n<\/td>\n<td class=\"simcal-day-26 simcal-weekday-2 simcal-future simcal-day\" data-events-count=\"0\">\n\t<div>\n\t\t<span class=\"simcal-day-label simcal-day-number\">26<\/span>\n\t\t<span class=\"simcal-no-events\"><\/span>\n\t\t<span class=\"simcal-events-dots\" style=\"display: none;\"><\/span>\n\t<\/div>\n<\/td>\n<td class=\"simcal-day-27 simcal-weekday-3 simcal-future simcal-day\" data-events-count=\"0\">\n\t<div>\n\t\t<span class=\"simcal-day-label simcal-day-number\">27<\/span>\n\t\t<span class=\"simcal-no-events\"><\/span>\n\t\t<span class=\"simcal-events-dots\" style=\"display: none;\"><\/span>\n\t<\/div>\n<\/td>\n<td class=\"simcal-day-28 simcal-weekday-4 simcal-future simcal-day\" data-events-count=\"0\">\n\t<div>\n\t\t<span class=\"simcal-day-label simcal-day-number\">28<\/span>\n\t\t<span class=\"simcal-no-events\"><\/span>\n\t\t<span class=\"simcal-events-dots\" style=\"display: none;\"><\/span>\n\t<\/div>\n<\/td>\n<td class=\"simcal-day-29 simcal-weekday-5 simcal-future simcal-day\" data-events-count=\"0\">\n\t<div>\n\t\t<span class=\"simcal-day-label simcal-day-number\">29<\/span>\n\t\t<span class=\"simcal-no-events\"><\/span>\n\t\t<span class=\"simcal-events-dots\" style=\"display: none;\"><\/span>\n\t<\/div>\n<\/td>\n<td class=\"simcal-day-30 simcal-weekday-6 simcal-future simcal-day\" data-events-count=\"0\">\n\t<div>\n\t\t<span class=\"simcal-day-label simcal-day-number\">30<\/span>\n\t\t<span class=\"simcal-no-events\"><\/span>\n\t\t<span class=\"simcal-events-dots\" style=\"display: none;\"><\/span>\n\t<\/div>\n<\/td>\n<td class=\"simcal-day-31 simcal-weekday-0 simcal-future simcal-day\" data-events-count=\"0\">\n\t<div>\n\t\t<span class=\"simcal-day-label simcal-day-number\">31<\/span>\n\t\t<span class=\"simcal-no-events\"><\/span>\n\t\t<span class=\"simcal-events-dots\" style=\"display: none;\"><\/span>\n\t<\/div>\n<\/td>\n<\/tr><td class=\"simcal-day simcal-day-void \"><\/td>\n<td class=\"simcal-day simcal-day-void \"><\/td>\n<td class=\"simcal-day simcal-day-void \"><\/td>\n<td class=\"simcal-day simcal-day-void \"><\/td>\n<td class=\"simcal-day simcal-day-void \"><\/td>\n<td class=\"simcal-day simcal-day-void \"><\/td>\n<td class=\"simcal-day simcal-day-void simcal-day-void-last\"><\/td>\n\t<\/tr>\n<\/tbody>\n\r\n            <\/table>\r\n\r\n\t\t\t<div class=\"simcal-ajax-loader simcal-spinner-top\" style=\"display: none;\"><i class=\"simcal-icon-spinner simcal-icon-spin\"><\/i><\/div><\/div>\n<p>&nbsp;<\/p>\n<\/div>\n\t\t<\/div><\/div><\/div><div id=\"pg-7-2\"  class=\"panel-grid panel-no-style\" ><div id=\"pgc-7-2-0\"  class=\"panel-grid-cell\" ><\/div><\/div><div id=\"pg-7-3\"  class=\"panel-grid panel-no-style\" ><div id=\"pgc-7-3-0\"  class=\"panel-grid-cell\" ><div id=\"panel-7-3-0-0\" class=\"so-panel widget widget_listcategorypostswidget panel-first-child panel-last-child\" data-index=\"5\" ><h3 class=\"widget-title\"> <\/h3><strong><a href=\"https:\/\/sgdf-rangueil.fr\/?cat=6\" title=\"Louveteaux\">Louveteaux<\/a><\/strong><ul class=\"lcp_catlist\" id=\"lcp_instance_listcategorypostswidget-1\"><li><a href=\"https:\/\/sgdf-rangueil.fr\/?p=3033\" title=\"WE de Lourdes\">WE de Lourdes<\/a><\/li><li><a href=\"https:\/\/sgdf-rangueil.fr\/?p=3022\" title=\"EDITO Septembre 2021\">EDITO Septembre 2021<\/a><\/li><\/ul><a href=\"https:\/\/sgdf-rangueil.fr\/?cat=6\"> <\/a><\/div><\/div><div id=\"pgc-7-3-1\"  class=\"panel-grid-cell\" ><div id=\"panel-7-3-1-0\" class=\"so-panel widget widget_listcategorypostswidget panel-first-child panel-last-child\" data-index=\"6\" ><h3 class=\"widget-title\"> <\/h3><strong><a href=\"https:\/\/sgdf-rangueil.fr\/?cat=8\" title=\"Scouts\">Scouts<\/a><\/strong><ul class=\"lcp_catlist\" id=\"lcp_instance_listcategorypostswidget-1\"><li><a href=\"https:\/\/sgdf-rangueil.fr\/?p=3033\" title=\"WE de Lourdes\">WE de Lourdes<\/a><\/li><li><a href=\"https:\/\/sgdf-rangueil.fr\/?p=3022\" title=\"EDITO Septembre 2021\">EDITO Septembre 2021<\/a><\/li><\/ul><a href=\"https:\/\/sgdf-rangueil.fr\/?cat=8\"> <\/a><\/div><\/div><div id=\"pgc-7-3-2\"  class=\"panel-grid-cell\" ><div id=\"panel-7-3-2-0\" class=\"so-panel widget widget_listcategorypostswidget panel-first-child panel-last-child\" data-index=\"7\" ><h3 class=\"widget-title\"> <\/h3><strong><a href=\"https:\/\/sgdf-rangueil.fr\/?cat=10\" title=\"Pionniers\">Pionniers<\/a><\/strong><ul class=\"lcp_catlist\" id=\"lcp_instance_listcategorypostswidget-1\"><li><a href=\"https:\/\/sgdf-rangueil.fr\/?p=3033\" title=\"WE de Lourdes\">WE de Lourdes<\/a><\/li><li><a href=\"https:\/\/sgdf-rangueil.fr\/?p=3022\" title=\"EDITO Septembre 2021\">EDITO Septembre 2021<\/a><\/li><\/ul><a href=\"https:\/\/sgdf-rangueil.fr\/?cat=10\"> <\/a><\/div><\/div><div id=\"pgc-7-3-3\"  class=\"panel-grid-cell\" ><div id=\"panel-7-3-3-0\" class=\"so-panel widget widget_listcategorypostswidget panel-first-child panel-last-child\" data-index=\"8\" ><h3 class=\"widget-title\"> <\/h3><strong><a href=\"https:\/\/sgdf-rangueil.fr\/?cat=5\" title=\"Farfadets\">Farfadets<\/a><\/strong><ul class=\"lcp_catlist\" id=\"lcp_instance_listcategorypostswidget-1\"><li><a href=\"https:\/\/sgdf-rangueil.fr\/?p=3033\" title=\"WE de Lourdes\">WE de Lourdes<\/a><\/li><li><a href=\"https:\/\/sgdf-rangueil.fr\/?p=3022\" title=\"EDITO Septembre 2021\">EDITO Septembre 2021<\/a><\/li><\/ul><a href=\"https:\/\/sgdf-rangueil.fr\/?cat=5\"> <\/a><\/div><\/div><\/div><div id=\"pg-7-4\"  class=\"panel-grid panel-no-style\" ><div id=\"pgc-7-4-0\"  class=\"panel-grid-cell\" ><div id=\"panel-7-4-0-0\" class=\"so-panel widget widget_listcategorypostswidget panel-first-child panel-last-child\" data-index=\"9\" ><h3 class=\"widget-title\"> <\/h3><strong><a href=\"https:\/\/sgdf-rangueil.fr\/?cat=7\" title=\"Jeannettes\">Jeannettes<\/a><\/strong><ul class=\"lcp_catlist\" id=\"lcp_instance_listcategorypostswidget-1\"><li><a href=\"https:\/\/sgdf-rangueil.fr\/?p=3033\" title=\"WE de Lourdes\">WE de Lourdes<\/a><\/li><li><a href=\"https:\/\/sgdf-rangueil.fr\/?p=3022\" title=\"EDITO Septembre 2021\">EDITO Septembre 2021<\/a><\/li><\/ul><a href=\"https:\/\/sgdf-rangueil.fr\/?cat=7\"> <\/a><\/div><\/div><div id=\"pgc-7-4-1\"  class=\"panel-grid-cell\" ><div id=\"panel-7-4-1-0\" class=\"so-panel widget widget_listcategorypostswidget panel-first-child panel-last-child\" data-index=\"10\" ><h3 class=\"widget-title\"> <\/h3><strong><a href=\"https:\/\/sgdf-rangueil.fr\/?cat=9\" title=\"Guides\">Guides<\/a><\/strong><ul class=\"lcp_catlist\" id=\"lcp_instance_listcategorypostswidget-1\"><li><a href=\"https:\/\/sgdf-rangueil.fr\/?p=3033\" title=\"WE de Lourdes\">WE de Lourdes<\/a><\/li><li><a href=\"https:\/\/sgdf-rangueil.fr\/?p=3022\" title=\"EDITO Septembre 2021\">EDITO Septembre 2021<\/a><\/li><\/ul><a href=\"https:\/\/sgdf-rangueil.fr\/?cat=9\"> <\/a><\/div><\/div><div id=\"pgc-7-4-2\"  class=\"panel-grid-cell\" ><div id=\"panel-7-4-2-0\" class=\"so-panel widget widget_listcategorypostswidget panel-first-child panel-last-child\" data-index=\"11\" ><h3 class=\"widget-title\"> <\/h3><strong><a href=\"https:\/\/sgdf-rangueil.fr\/?cat=11\" title=\"Caravelles\">Caravelles<\/a><\/strong><ul class=\"lcp_catlist\" id=\"lcp_instance_listcategorypostswidget-1\"><li><a href=\"https:\/\/sgdf-rangueil.fr\/?p=3033\" title=\"WE de Lourdes\">WE de Lourdes<\/a><\/li><li><a href=\"https:\/\/sgdf-rangueil.fr\/?p=3022\" title=\"EDITO Septembre 2021\">EDITO Septembre 2021<\/a><\/li><\/ul><a href=\"https:\/\/sgdf-rangueil.fr\/?cat=11\"> <\/a><\/div><\/div><div id=\"pgc-7-4-3\"  class=\"panel-grid-cell\" ><div id=\"panel-7-4-3-0\" class=\"so-panel widget widget_listcategorypostswidget panel-first-child panel-last-child\" data-index=\"12\" ><h3 class=\"widget-title\"> <\/h3><strong><a href=\"https:\/\/sgdf-rangueil.fr\/?cat=12\" title=\"Compagnons\">Compagnons<\/a><\/strong><ul class=\"lcp_catlist\" id=\"lcp_instance_listcategorypostswidget-1\"><li><a href=\"https:\/\/sgdf-rangueil.fr\/?p=3033\" title=\"WE de Lourdes\">WE de Lourdes<\/a><\/li><li><a href=\"https:\/\/sgdf-rangueil.fr\/?p=3022\" title=\"EDITO Septembre 2021\">EDITO Septembre 2021<\/a><\/li><\/ul><a href=\"https:\/\/sgdf-rangueil.fr\/?cat=12\"> <\/a><\/div><\/div><\/div><\/div>","protected":false},"excerpt":{"rendered":"<p>Pour s&rsquo;inscrire, retrouvez toutes les informations ici. Compte\/Mot de passe oubli\u00e9 c&rsquo;est par Ici. Les articles avec [L] n\u00e9cessitent d&rsquo;\u00eatre connect\u00e9. La section petites annonces qui arrive aussi&#8230; Modifier le calendrier ao\u00fbt 2023 lun mar mer jeu ven sam dim<\/p>\n","protected":false},"author":1,"featured_media":0,"parent":0,"menu_order":0,"comment_status":"closed","ping_status":"closed","template":"","meta":[],"_links":{"self":[{"href":"https:\/\/sgdf-rangueil.fr\/index.php?rest_route=\/wp\/v2\/pages\/7"}],"collection":[{"href":"https:\/\/sgdf-rangueil.fr\/index.php?rest_route=\/wp\/v2\/pages"}],"about":[{"href":"https:\/\/sgdf-rangueil.fr\/index.php?rest_route=\/wp\/v2\/types\/page"}],"author":[{"embeddable":true,"href":"https:\/\/sgdf-rangueil.fr\/index.php?rest_route=\/wp\/v2\/users\/1"}],"replies":[{"embeddable":true,"href":"https:\/\/sgdf-rangueil.fr\/index.php?rest_route=%2Fwp%2Fv2%2Fcomments&post=7"}],"version-history":[{"count":135,"href":"https:\/\/sgdf-rangueil.fr\/index.php?rest_route=\/wp\/v2\/pages\/7\/revisions"}],"predecessor-version":[{"id":3110,"href":"https:\/\/sgdf-rangueil.fr\/index.php?rest_route=\/wp\/v2\/pages\/7\/revisions\/3110"}],"wp:attachment":[{"href":"https:\/\/sgdf-rangueil.fr\/index.php?rest_route=%2Fwp%2Fv2%2Fmedia&parent=7"}],"curies":[{"name":"wp","href":"https:\/\/api.w.org\/{rel}","templated":true}]}}