{"id":2917,"date":"2019-09-02T09:52:19","date_gmt":"2019-09-02T07:52:19","guid":{"rendered":"https:\/\/sgdf-rangueil.fr\/?page_id=2917"},"modified":"2019-09-02T10:02:34","modified_gmt":"2019-09-02T08:02:34","slug":"politique-de-confidentialite","status":"publish","type":"page","link":"https:\/\/sgdf-rangueil.fr\/?page_id=2917","title":{"rendered":"Politique de confidentialit\u00e9"},"content":{"rendered":"\n<h2>Qui sommes-nous&nbsp;?<\/h2>\n\n\n\n<p>L\u2019adresse de notre site Web est&nbsp;: https:\/\/sgdf-rangueil.fr.<\/p>\n\n\n\n<h2>Utilisation des donn\u00e9es personnelles collect\u00e9es<\/h2>\n\n\n\n<h3>Commentaires<\/h3>\n\n\n\n<p>Quand vous laissez un commentaire sur notre site web, les donn\u00e9es inscrites dans le formulaire de commentaire, mais aussi votre adresse IP et l\u2019agent utilisateur de votre navigateur sont collect\u00e9s pour nous aider \u00e0 la d\u00e9tection des commentaires ind\u00e9sirables.<\/p>\n\n\n\n<p>Une cha\u00eene anonymis\u00e9e cr\u00e9\u00e9e \u00e0 partir de votre adresse de messagerie (\u00e9galement appel\u00e9e hash) peut \u00eatre envoy\u00e9e au service Gravatar pour v\u00e9rifier si vous utilisez ce dernier. Les clauses de confidentialit\u00e9 du service Gravatar sont disponibles ici&nbsp;: https:\/\/automattic.com\/privacy\/. Apr\u00e8s validation de votre commentaire, votre photo de profil sera visible publiquement \u00e0 cot\u00e9 de votre commentaire.<\/p>\n\n\n\n<h3>M\u00e9dias<\/h3>\n\n\n\n<p>Si vous \u00eates un utilisateur ou une utilisatrice enregistr\u00e9\u00b7e et que vous t\u00e9l\u00e9versez des images sur le site web, nous vous conseillons d\u2019\u00e9viter de t\u00e9l\u00e9verser des images contenant des donn\u00e9es EXIF de coordonn\u00e9es GPS. Les visiteurs de votre site web peuvent t\u00e9l\u00e9charger et extraire des donn\u00e9es de localisation depuis ces images.<\/p>\n\n\n\n<p>Les m\u00e9dias diffus\u00e9s sur le site peuvent \u00eatre de type diff\u00e9rent :<\/p>\n\n\n\n<ul><li>Photos de groupe : utilis\u00e9e comme image de mise en avant. Accessibles librement sur le site<\/li><li>Photos individuelle\/petit groupe : Photos accessibles uniquement par les utilisateurs enregistr\u00e9s. Les utilisateurs enregistr\u00e9s correspondent aux membre du groupe de l&rsquo;ann\u00e9e en cours.<\/li><\/ul>\n\n\n\n<h3>Formulaires de contact<\/h3>\n\n\n\n<h3>Cookies<\/h3>\n\n\n\n<p>Si vous d\u00e9posez un commentaire sur notre site, il vous sera propos\u00e9 d\u2019enregistrer votre nom, adresse de messagerie et site web dans des cookies. C\u2019est uniquement pour votre confort afin de ne pas avoir \u00e0 saisir ces informations si vous d\u00e9posez un autre commentaire plus tard. Ces cookies expirent au bout d\u2019un an.<\/p>\n\n\n\n<p>Si vous vous rendez sur la page de connexion, un cookie temporaire sera cr\u00e9\u00e9 afin de d\u00e9terminer si votre navigateur accepte les cookies. Il ne contient pas de donn\u00e9es personnelles et sera supprim\u00e9 automatiquement \u00e0 la fermeture de votre navigateur.<\/p>\n\n\n\n<p>Lorsque vous vous connecterez, nous mettrons en place un certain nombre de cookies pour enregistrer vos informations de connexion et vos pr\u00e9f\u00e9rences d\u2019\u00e9cran. La dur\u00e9e de vie d\u2019un cookie de connexion est de deux jours, celle d\u2019un cookie d\u2019option d\u2019\u00e9cran est d\u2019un an. Si vous cochez \u00ab&nbsp;Se souvenir de moi&nbsp;\u00bb, votre cookie de connexion sera conserv\u00e9 pendant deux semaines. Si vous vous d\u00e9connectez de votre compte, le cookie de connexion sera effac\u00e9.<\/p>\n\n\n\n<p>En modifiant ou en publiant une publication, un cookie suppl\u00e9mentaire sera enregistr\u00e9 dans votre navigateur. Ce cookie ne comprend aucune donn\u00e9e personnelle. Il indique simplement l\u2019ID de la publication que vous venez de modifier. Il expire au bout d\u2019un jour.<\/p>\n\n\n\n<h3>Contenu embarqu\u00e9 depuis d\u2019autres sites<\/h3>\n\n\n\n<p>Les articles de ce site peuvent inclure des contenus int\u00e9gr\u00e9s (par exemple des vid\u00e9os, images, articles\u2026). Le contenu int\u00e9gr\u00e9 depuis d\u2019autres sites se comporte de la m\u00eame mani\u00e8re que si le visiteur se rendait sur cet autre site.<\/p>\n\n\n\n<p>Ces sites web pourraient collecter des donn\u00e9es sur vous, utiliser des cookies, embarquer des outils de suivis tiers, suivre vos interactions avec ces contenus embarqu\u00e9s si vous disposez d\u2019un compte connect\u00e9 sur leur site web.<\/p>\n\n\n\n<h3>Statistiques et mesures d\u2019audience<\/h3>\n\n\n\n<p>Des statistiques de connexion anonyme sont effectu\u00e9es gr\u00e2ce au service google analytics.<\/p>\n\n\n\n<h2>Utilisation et transmission de vos donn\u00e9es personnelles<\/h2>\n\n\n\n<h2>Dur\u00e9es de stockage de vos donn\u00e9es<\/h2>\n\n\n\n<p>Si vous laissez un commentaire, le commentaire et ses m\u00e9tadonn\u00e9es sont conserv\u00e9s ind\u00e9finiment. Cela permet de reconna\u00eetre et approuver automatiquement les commentaires suivants au lieu de les laisser dans la file de mod\u00e9ration.<\/p>\n\n\n\n<p>Les comptes utilisateurs sont automatiquement cr\u00e9\u00e9s \u00e0 partir des donn\u00e9es fournies lors des inscriptions. Les donn\u00e9es personnelles stock\u00e9es sont :<\/p>\n\n\n\n<ul><li>Nom<\/li><li>Pr\u00e9nom<\/li><li>Adresse mail<\/li><li>Adresse IP<\/li><\/ul>\n\n\n\n<p>Tous les utilisateurs et utilisatrices peuvent voir, modifier ou supprimer leurs informations personnelles \u00e0 tout moment (\u00e0 l\u2019exception de leur nom d\u2019utilisateur\u00b7ice). Les gestionnaires du site peuvent aussi voir et modifier ces informations. <\/p>\n\n\n\n<p>La dur\u00e9e de validit\u00e9 d&rsquo;un compte est d&rsquo;une ann\u00e9e calendaire. Ils sont cr\u00e9\u00e9s en septembre pour une dur\u00e9e d&rsquo;un (1) an (12 mois).<\/p>\n\n\n\n<h2>Les droits que vous avez sur vos donn\u00e9es<\/h2>\n\n\n\n<p>Si vous avez un compte ou si vous avez laiss\u00e9 des commentaires sur le site, vous pouvez demander \u00e0 recevoir un fichier contenant toutes les donn\u00e9es personnelles que nous poss\u00e9dons \u00e0 votre sujet, incluant celles que vous nous avez fournies. Vous pouvez \u00e9galement demander la suppression des donn\u00e9es personnelles vous concernant. Cela ne prend pas en compte les donn\u00e9es stock\u00e9es \u00e0 des fins administratives, l\u00e9gales ou pour des raisons de s\u00e9curit\u00e9.<\/p>\n\n\n\n<h2>Transmission de vos donn\u00e9es personnelles<\/h2>\n\n\n\n<p>Les commentaires des visiteurs peuvent \u00eatre v\u00e9rifi\u00e9s \u00e0 l\u2019aide d\u2019un service automatis\u00e9 de d\u00e9tection des commentaires ind\u00e9sirables.<\/p>\n\n\n\n<h2>Informations de contact<\/h2>\n\n\n\n<p>Pour toute information ou demande concernant vos donn\u00e9es personnelles : sgdf[point]rangueil[arobase]gmail[point]com<\/p>\n\n\n\n<h2>Informations suppl\u00e9mentaires<\/h2>\n\n\n\n<h3>Comment nous prot\u00e9geons vos donn\u00e9es<\/h3>\n\n\n\n<p>Afin de garantir le meilleur niveau de s\u00e9curit\u00e9 de vos donn\u00e9es, le site ainsi que les extensions utilis\u00e9es sont mis \u00e0 jour 1 fois par mois.<\/p>\n\n\n\n<h3>Proc\u00e9dures mises en \u0153uvre en cas de fuite de donn\u00e9es<\/h3>\n\n\n\n<p>En cas de fuite de donn\u00e9es connue, les utilisateurs seront imm\u00e9diatement avertis.<\/p>\n\n\n\n<h3>Les services tiers qui nous transmettent des donn\u00e9es<\/h3>\n\n\n\n<p>Les donn\u00e9es personnelles utilis\u00e9es sur ce site sont issues de donn\u00e9es fournies lors de l&rsquo;inscription au groupe. Elles sont import\u00e9es automatiquement \u00e0 partir des donn\u00e9es saisies dans l&rsquo;intranet SGDF.<\/p>\n\n\n\n<h3>Op\u00e9rations de marketing automatis\u00e9 et\/ou de profilage r\u00e9alis\u00e9es \u00e0 l\u2019aide des donn\u00e9es personnelles<\/h3>\n\n\n\n<p>Aucune op\u00e9ration de marketing ne sera effectu\u00e9e \u00e0 partir des donn\u00e9es utilis\u00e9es sur le site. Lors de l&rsquo;inscription il vous est propos\u00e9 l&rsquo;inscription au service \u00ab\u00a0mailchimp\u00a0\u00bb pour un envoi mensuel des publications effectu\u00e9es sur le site.<\/p>\n","protected":false},"excerpt":{"rendered":"<p>Qui sommes-nous&nbsp;? L\u2019adresse de notre site Web est&nbsp;: https:\/\/sgdf-rangueil.fr. Utilisation des donn\u00e9es personnelles collect\u00e9es Commentaires Quand vous laissez un commentaire sur notre site web, les donn\u00e9es inscrites dans le formulaire de commentaire, mais aussi votre adresse IP et l\u2019agent utilisateur<\/p>\n","protected":false},"author":2,"featured_media":0,"parent":0,"menu_order":0,"comment_status":"closed","ping_status":"closed","template":"","meta":[],"_links":{"self":[{"href":"https:\/\/sgdf-rangueil.fr\/index.php?rest_route=\/wp\/v2\/pages\/2917"}],"collection":[{"href":"https:\/\/sgdf-rangueil.fr\/index.php?rest_route=\/wp\/v2\/pages"}],"about":[{"href":"https:\/\/sgdf-rangueil.fr\/index.php?rest_route=\/wp\/v2\/types\/page"}],"author":[{"embeddable":true,"href":"https:\/\/sgdf-rangueil.fr\/index.php?rest_route=\/wp\/v2\/users\/2"}],"replies":[{"embeddable":true,"href":"https:\/\/sgdf-rangueil.fr\/index.php?rest_route=%2Fwp%2Fv2%2Fcomments&post=2917"}],"version-history":[{"count":4,"href":"https:\/\/sgdf-rangueil.fr\/index.php?rest_route=\/wp\/v2\/pages\/2917\/revisions"}],"predecessor-version":[{"id":2922,"href":"https:\/\/sgdf-rangueil.fr\/index.php?rest_route=\/wp\/v2\/pages\/2917\/revisions\/2922"}],"wp:attachment":[{"href":"https:\/\/sgdf-rangueil.fr\/index.php?rest_route=%2Fwp%2Fv2%2Fmedia&parent=2917"}],"curies":[{"name":"wp","href":"https:\/\/api.w.org\/{rel}","templated":true}]}}